{"id":40,"date":"2018-01-20T21:52:07","date_gmt":"2018-01-20T21:52:07","guid":{"rendered":"http:\/\/www.india-instituut.nl\/site\/?page_id=40"},"modified":"2018-01-22T13:19:08","modified_gmt":"2018-01-22T13:19:08","slug":"hindi-poezie","status":"publish","type":"page","link":"https:\/\/www.india-instituut.nl\/site\/extras\/hindi-poezie\/","title":{"rendered":"Hindi po\u00ebzie"},"content":{"rendered":"<p>Vanaf het begin van de 20e eeuw kan men spreken van Moderne Hindi-po\u00ebzie. In voorgaande eeuwen was po\u00ebzie  eerst in hoofdzaak religieus van aard, en kende een strikt rijm en metrum: de periode van de Bhakti, devotie, 1400-1700. <!--more-->In de 18de eeuw verschoof de aandacht naar wereldse po\u00ebzie, met grote nadruk op technisch vernuft (woordspelingen, alliteratie): 1800-1900, de periode van de Riti, formele traditie. De taal van het meeste werk uit de periodes van Bhakti en Riti is hier overigens alleen maar gemakshalve Hindi genoemd. Het ging om Hindi-dialecten en nauw aan Hindi verwante talen, waarvan de belangrijkste het Avadhi (oostelijk Hindi) en Braj Bhasha (westelijk Hindi) waren.<\/p>\n<p>In de vroege jaren van de 20e eeuw veranderde Hindi-po\u00ebzie naar inhoud en vorm. Romantische, psychologische en maatschappelijke thema\u2019s verdrongen de oudere tradities. Geleidelijk verdween in de meeste gedichten ook het rijm. De po\u00ebzie van de afgelopen decennia is zeer divers en toont een boeiend scala aan onderwerpen en vormen. In Nederland  is deze moderne Hindi-po\u00ebzie zo goed als onbekend. Daarom wil het India Instituut hier maandelijks een modern gedicht in vertaling en in de originele tekst publiceren.<\/p>\n<p>Naar overzicht [<a href=\"https:\/\/www.india-instituut.nl\/site\/hindi-poezie\/gedicht-van-de-maand\/\">gedichten van de maand.<\/a>]<\/p>\n","protected":false},"excerpt":{"rendered":"<p>Vanaf het begin van de 20e eeuw kan men spreken van Moderne Hindi-po\u00ebzie. In voorgaande eeuwen was po\u00ebzie eerst in hoofdzaak religieus van aard, en kende een strikt rijm en metrum: de periode van de Bhakti, devotie, 1400-1700.<\/p>\n","protected":false},"author":1,"featured_media":41,"parent":26,"menu_order":0,"comment_status":"closed","ping_status":"closed","template":"","meta":{"footnotes":""},"class_list":["post-40","page","type-page","status-publish","has-post-thumbnail","hentry"],"_links":{"self":[{"href":"https:\/\/www.india-instituut.nl\/site\/wp-json\/wp\/v2\/pages\/40","targetHints":{"allow":["GET"]}}],"collection":[{"href":"https:\/\/www.india-instituut.nl\/site\/wp-json\/wp\/v2\/pages"}],"about":[{"href":"https:\/\/www.india-instituut.nl\/site\/wp-json\/wp\/v2\/types\/page"}],"author":[{"embeddable":true,"href":"https:\/\/www.india-instituut.nl\/site\/wp-json\/wp\/v2\/users\/1"}],"replies":[{"embeddable":true,"href":"https:\/\/www.india-instituut.nl\/site\/wp-json\/wp\/v2\/comments?post=40"}],"version-history":[{"count":3,"href":"https:\/\/www.india-instituut.nl\/site\/wp-json\/wp\/v2\/pages\/40\/revisions"}],"predecessor-version":[{"id":127,"href":"https:\/\/www.india-instituut.nl\/site\/wp-json\/wp\/v2\/pages\/40\/revisions\/127"}],"up":[{"embeddable":true,"href":"https:\/\/www.india-instituut.nl\/site\/wp-json\/wp\/v2\/pages\/26"}],"wp:featuredmedia":[{"embeddable":true,"href":"https:\/\/www.india-instituut.nl\/site\/wp-json\/wp\/v2\/media\/41"}],"wp:attachment":[{"href":"https:\/\/www.india-instituut.nl\/site\/wp-json\/wp\/v2\/media?parent=40"}],"curies":[{"name":"wp","href":"https:\/\/api.w.org\/{rel}","templated":true}]}}