{"id":26,"date":"2018-01-20T21:42:30","date_gmt":"2018-01-20T21:42:30","guid":{"rendered":"http:\/\/www.india-instituut.nl\/site\/?page_id=26"},"modified":"2020-07-03T13:53:26","modified_gmt":"2020-07-03T13:53:26","slug":"extras","status":"publish","type":"page","link":"https:\/\/www.india-instituut.nl\/site\/extras\/","title":{"rendered":"Extra&#8217;s"},"content":{"rendered":"<p>Onder \u2018Extra\u2019s\u2019 plaatst het India Instituut teksten en verwijzingen die van belang zijn voor de in India ge\u00efnteresseerde bezoekers. U kunt hier bijvoorbeeld kennis maken met moderne Hindi-po\u00ebzie en hulp vinden bij het begrijpen van de vele afkortingen in de Indiase pers.<\/p>\n<ul>\n<li><a href=\"https:\/\/www.india-instituut.nl\/site\/extras\/hindi-poezie\/\">Hindi po\u00ebzie, gedicht van de maand<\/a><\/li>\n<li><a href=\"https:\/\/www.india-instituut.nl\/site\/extras\/de-onontcijferbaarheid-van-de-indiase-kranten\/\">Afkortingen uit de Indiase pers<\/a><\/li>\n<li><a href=\"https:\/\/www.india-instituut.nl\/site\/category\/artikelen\/\">Artikelen<\/a><\/li>\n<li><a href=\"https:\/\/www.india-instituut.nl\/site\/wp-content\/uploads\/2020\/07\/Please-do-not-disturb.pdf\">Please do not disturb<\/a><\/li>\n<\/ul>\n","protected":false},"excerpt":{"rendered":"<p>Onder \u2018Extra\u2019s\u2019 plaatst het India Instituut teksten en verwijzingen die van belang zijn voor de in India ge\u00efnteresseerde bezoekers. U kunt hier bijvoorbeeld kennis maken met moderne Hindi-po\u00ebzie en hulp vinden bij het begrijpen van de vele afkortingen in de Indiase pers. Hindi po\u00ebzie, gedicht van de maand Afkortingen uit de Indiase pers Artikelen Please [&hellip;]<\/p>\n","protected":false},"author":1,"featured_media":27,"parent":0,"menu_order":0,"comment_status":"closed","ping_status":"closed","template":"","meta":{"footnotes":""},"class_list":["post-26","page","type-page","status-publish","has-post-thumbnail","hentry"],"_links":{"self":[{"href":"https:\/\/www.india-instituut.nl\/site\/wp-json\/wp\/v2\/pages\/26","targetHints":{"allow":["GET"]}}],"collection":[{"href":"https:\/\/www.india-instituut.nl\/site\/wp-json\/wp\/v2\/pages"}],"about":[{"href":"https:\/\/www.india-instituut.nl\/site\/wp-json\/wp\/v2\/types\/page"}],"author":[{"embeddable":true,"href":"https:\/\/www.india-instituut.nl\/site\/wp-json\/wp\/v2\/users\/1"}],"replies":[{"embeddable":true,"href":"https:\/\/www.india-instituut.nl\/site\/wp-json\/wp\/v2\/comments?post=26"}],"version-history":[{"count":9,"href":"https:\/\/www.india-instituut.nl\/site\/wp-json\/wp\/v2\/pages\/26\/revisions"}],"predecessor-version":[{"id":252,"href":"https:\/\/www.india-instituut.nl\/site\/wp-json\/wp\/v2\/pages\/26\/revisions\/252"}],"wp:featuredmedia":[{"embeddable":true,"href":"https:\/\/www.india-instituut.nl\/site\/wp-json\/wp\/v2\/media\/27"}],"wp:attachment":[{"href":"https:\/\/www.india-instituut.nl\/site\/wp-json\/wp\/v2\/media?parent=26"}],"curies":[{"name":"wp","href":"https:\/\/api.w.org\/{rel}","templated":true}]}}